{"id":3525,"date":"2018-08-28T09:52:26","date_gmt":"2018-08-28T07:52:26","guid":{"rendered":"https:\/\/dev.pilardelcampo.com\/acerca-de\/"},"modified":"2025-02-03T13:18:09","modified_gmt":"2025-02-03T12:18:09","slug":"acerca-de","status":"publish","type":"page","link":"https:\/\/pilardelcampo.com\/es\/acerca-de\/","title":{"rendered":"Sobre Nosotros"},"content":{"rendered":"\t\t<div data-elementor-type=\"wp-page\" data-elementor-id=\"3525\" class=\"elementor elementor-3525 elementor-160\">\n\t\t\t\t\t\t<section class=\"elementor-section elementor-top-section elementor-element elementor-element-3d1e3a30 elementor-section-full_width elementor-section-height-default elementor-section-height-default\" data-id=\"3d1e3a30\" data-element_type=\"section\">\n\t\t\t\t\t\t<div class=\"elementor-container elementor-column-gap-no\">\n\t\t\t\t\t<div class=\"elementor-column elementor-col-100 elementor-top-column elementor-element elementor-element-17ece783\" data-id=\"17ece783\" data-element_type=\"column\">\n\t\t\t<div class=\"elementor-widget-wrap elementor-element-populated\">\n\t\t\t\t\t\t<div class=\"elementor-element elementor-element-17ad9383 elementor-widget elementor-widget-text-editor\" data-id=\"17ad9383\" data-element_type=\"widget\" data-widget_type=\"text-editor.default\">\n\t\t\t\t<div class=\"elementor-widget-container\">\n\t\t\t\t\t\t\t\t\t<p>pilardelcampo fue fundada en 2015 por Pilar una dise\u00f1adora espa\u00f1ola apasionada por la moda sostenible y el respeto por el medio ambiente. La marca naci\u00f3 con la misi\u00f3n de desafiar la cultura del \u00abfast fashion\u00bb y promover un enfoque m\u00e1s consciente y responsable hacia la moda.<\/p>\t\t\t\t\t\t\t\t<\/div>\n\t\t\t\t<\/div>\n\t\t\t\t<div class=\"elementor-element elementor-element-1ee668a1 elementor-widget elementor-widget-text-editor\" data-id=\"1ee668a1\" data-element_type=\"widget\" data-widget_type=\"text-editor.default\">\n\t\t\t\t<div class=\"elementor-widget-container\">\n\t\t\t\t\t\t\t\t\t<p>La filosof\u00eda de la marca cree en la belleza m\u00e1s all\u00e1 del dise\u00f1o d\u00e1ndole importancia a la forma en que se producen y consumen las prendas.<\/p><p>Cada colecci\u00f3n se crea con un enfoque en la durabilidad, la atemporalidad y la \u00e9tica.<\/p><p>Los principales materiales utilizados en los dise\u00f1os de pilardelcampo son la napa, el ante y el pelo, usando dichas materias primas de animales cuyo principal fin es el sector alimentario.<\/p><p>Las prendas destacan por su artesan\u00eda, la exclusividad y la dedicaci\u00f3n que lleva cada una de ellas.<\/p><p>La firma ha formado parte de calendarios de la moda nacional como 080 Barcelona Fashion y en MBFW Madrid. Tambi\u00e9n particip\u00f3 en la pasarela \u201cThe Royal Gala\u201d en Dubai.<\/p>\t\t\t\t\t\t\t\t<\/div>\n\t\t\t\t<\/div>\n\t\t\t\t\t<\/div>\n\t\t<\/div>\n\t\t\t\t\t<\/div>\n\t\t<\/section>\n\t\t\t\t<\/div>\n\t\t","protected":false},"excerpt":{"rendered":"<p>pilardelcampo fue fundada en 2015 por Pilar una dise\u00f1adora espa\u00f1ola apasionada por la moda sostenible y el respeto por el medio ambiente. La marca naci\u00f3 con la misi\u00f3n de desafiar&hellip;<\/p>\n","protected":false},"author":2,"featured_media":3546,"parent":0,"menu_order":0,"comment_status":"closed","ping_status":"closed","template":"templates\/split.php","meta":{"_acf_changed":false,"footnotes":""},"class_list":["post-3525","page","type-page","status-publish","has-post-thumbnail","hentry"],"acf":[],"yoast_head":"<!-- This site is optimized with the Yoast SEO plugin v25.0 - https:\/\/yoast.com\/wordpress\/plugins\/seo\/ -->\n<title>Sobre Nosotros - Pilar del Campo<\/title>\n<meta name=\"robots\" content=\"index, follow, max-snippet:-1, max-image-preview:large, max-video-preview:-1\" \/>\n<link rel=\"canonical\" href=\"https:\/\/pilardelcampo.com\/es\/acerca-de\/\" \/>\n<meta property=\"og:locale\" content=\"es_ES\" \/>\n<meta property=\"og:type\" content=\"article\" \/>\n<meta property=\"og:title\" content=\"Sobre Nosotros - Pilar del Campo\" \/>\n<meta property=\"og:description\" content=\"pilardelcampo fue fundada en 2015 por Pilar una dise\u00f1adora espa\u00f1ola apasionada por la moda sostenible y el respeto por el medio ambiente. La marca naci\u00f3 con la misi\u00f3n de desafiar&hellip;\" \/>\n<meta property=\"og:url\" content=\"https:\/\/pilardelcampo.com\/es\/acerca-de\/\" \/>\n<meta property=\"og:site_name\" content=\"Pilar del Campo\" \/>\n<meta property=\"article:modified_time\" content=\"2025-02-03T12:18:09+00:00\" \/>\n<meta property=\"og:image\" content=\"https:\/\/pilardelcampo.com\/wp-content\/uploads\/2025\/01\/lateral_acerca-scaled.jpeg\" \/>\n\t<meta property=\"og:image:width\" content=\"2560\" \/>\n\t<meta property=\"og:image:height\" content=\"1707\" \/>\n\t<meta property=\"og:image:type\" content=\"image\/jpeg\" \/>\n<meta name=\"twitter:card\" content=\"summary_large_image\" \/>\n<meta name=\"twitter:label1\" content=\"Tiempo de lectura\" \/>\n\t<meta name=\"twitter:data1\" content=\"1 minuto\" \/>\n<script type=\"application\/ld+json\" class=\"yoast-schema-graph\">{\"@context\":\"https:\/\/schema.org\",\"@graph\":[{\"@type\":\"WebPage\",\"@id\":\"https:\/\/pilardelcampo.com\/es\/acerca-de\/\",\"url\":\"https:\/\/pilardelcampo.com\/es\/acerca-de\/\",\"name\":\"Sobre Nosotros - Pilar del Campo\",\"isPartOf\":{\"@id\":\"https:\/\/pilardelcampo.com\/es\/#website\"},\"primaryImageOfPage\":{\"@id\":\"https:\/\/pilardelcampo.com\/es\/acerca-de\/#primaryimage\"},\"image\":{\"@id\":\"https:\/\/pilardelcampo.com\/es\/acerca-de\/#primaryimage\"},\"thumbnailUrl\":\"https:\/\/pilardelcampo.com\/wp-content\/uploads\/2025\/01\/lateral_acerca-scaled.jpeg\",\"datePublished\":\"2018-08-28T07:52:26+00:00\",\"dateModified\":\"2025-02-03T12:18:09+00:00\",\"breadcrumb\":{\"@id\":\"https:\/\/pilardelcampo.com\/es\/acerca-de\/#breadcrumb\"},\"inLanguage\":\"es\",\"potentialAction\":[{\"@type\":\"ReadAction\",\"target\":[\"https:\/\/pilardelcampo.com\/es\/acerca-de\/\"]}]},{\"@type\":\"ImageObject\",\"inLanguage\":\"es\",\"@id\":\"https:\/\/pilardelcampo.com\/es\/acerca-de\/#primaryimage\",\"url\":\"https:\/\/pilardelcampo.com\/wp-content\/uploads\/2025\/01\/lateral_acerca-scaled.jpeg\",\"contentUrl\":\"https:\/\/pilardelcampo.com\/wp-content\/uploads\/2025\/01\/lateral_acerca-scaled.jpeg\",\"width\":2560,\"height\":1707},{\"@type\":\"BreadcrumbList\",\"@id\":\"https:\/\/pilardelcampo.com\/es\/acerca-de\/#breadcrumb\",\"itemListElement\":[{\"@type\":\"ListItem\",\"position\":1,\"name\":\"Home\",\"item\":\"https:\/\/pilardelcampo.com\/es\/\"},{\"@type\":\"ListItem\",\"position\":2,\"name\":\"Sobre Nosotros\"}]},{\"@type\":\"WebSite\",\"@id\":\"https:\/\/pilardelcampo.com\/es\/#website\",\"url\":\"https:\/\/pilardelcampo.com\/es\/\",\"name\":\"Pilar del Campo\",\"description\":\"Timeless Elegance, Ethically Crafted\",\"potentialAction\":[{\"@type\":\"SearchAction\",\"target\":{\"@type\":\"EntryPoint\",\"urlTemplate\":\"https:\/\/pilardelcampo.com\/es\/?s={search_term_string}\"},\"query-input\":{\"@type\":\"PropertyValueSpecification\",\"valueRequired\":true,\"valueName\":\"search_term_string\"}}],\"inLanguage\":\"es\"}]}<\/script>\n<!-- \/ Yoast SEO plugin. -->","yoast_head_json":{"title":"Sobre Nosotros - Pilar del Campo","robots":{"index":"index","follow":"follow","max-snippet":"max-snippet:-1","max-image-preview":"max-image-preview:large","max-video-preview":"max-video-preview:-1"},"canonical":"https:\/\/pilardelcampo.com\/es\/acerca-de\/","og_locale":"es_ES","og_type":"article","og_title":"Sobre Nosotros - Pilar del Campo","og_description":"pilardelcampo fue fundada en 2015 por Pilar una dise\u00f1adora espa\u00f1ola apasionada por la moda sostenible y el respeto por el medio ambiente. La marca naci\u00f3 con la misi\u00f3n de desafiar&hellip;","og_url":"https:\/\/pilardelcampo.com\/es\/acerca-de\/","og_site_name":"Pilar del Campo","article_modified_time":"2025-02-03T12:18:09+00:00","og_image":[{"width":2560,"height":1707,"url":"https:\/\/pilardelcampo.com\/wp-content\/uploads\/2025\/01\/lateral_acerca-scaled.jpeg","type":"image\/jpeg"}],"twitter_card":"summary_large_image","twitter_misc":{"Tiempo de lectura":"1 minuto"},"schema":{"@context":"https:\/\/schema.org","@graph":[{"@type":"WebPage","@id":"https:\/\/pilardelcampo.com\/es\/acerca-de\/","url":"https:\/\/pilardelcampo.com\/es\/acerca-de\/","name":"Sobre Nosotros - Pilar del Campo","isPartOf":{"@id":"https:\/\/pilardelcampo.com\/es\/#website"},"primaryImageOfPage":{"@id":"https:\/\/pilardelcampo.com\/es\/acerca-de\/#primaryimage"},"image":{"@id":"https:\/\/pilardelcampo.com\/es\/acerca-de\/#primaryimage"},"thumbnailUrl":"https:\/\/pilardelcampo.com\/wp-content\/uploads\/2025\/01\/lateral_acerca-scaled.jpeg","datePublished":"2018-08-28T07:52:26+00:00","dateModified":"2025-02-03T12:18:09+00:00","breadcrumb":{"@id":"https:\/\/pilardelcampo.com\/es\/acerca-de\/#breadcrumb"},"inLanguage":"es","potentialAction":[{"@type":"ReadAction","target":["https:\/\/pilardelcampo.com\/es\/acerca-de\/"]}]},{"@type":"ImageObject","inLanguage":"es","@id":"https:\/\/pilardelcampo.com\/es\/acerca-de\/#primaryimage","url":"https:\/\/pilardelcampo.com\/wp-content\/uploads\/2025\/01\/lateral_acerca-scaled.jpeg","contentUrl":"https:\/\/pilardelcampo.com\/wp-content\/uploads\/2025\/01\/lateral_acerca-scaled.jpeg","width":2560,"height":1707},{"@type":"BreadcrumbList","@id":"https:\/\/pilardelcampo.com\/es\/acerca-de\/#breadcrumb","itemListElement":[{"@type":"ListItem","position":1,"name":"Home","item":"https:\/\/pilardelcampo.com\/es\/"},{"@type":"ListItem","position":2,"name":"Sobre Nosotros"}]},{"@type":"WebSite","@id":"https:\/\/pilardelcampo.com\/es\/#website","url":"https:\/\/pilardelcampo.com\/es\/","name":"Pilar del Campo","description":"Timeless Elegance, Ethically Crafted","potentialAction":[{"@type":"SearchAction","target":{"@type":"EntryPoint","urlTemplate":"https:\/\/pilardelcampo.com\/es\/?s={search_term_string}"},"query-input":{"@type":"PropertyValueSpecification","valueRequired":true,"valueName":"search_term_string"}}],"inLanguage":"es"}]}},"_links":{"self":[{"href":"https:\/\/pilardelcampo.com\/es\/wp-json\/wp\/v2\/pages\/3525","targetHints":{"allow":["GET"]}}],"collection":[{"href":"https:\/\/pilardelcampo.com\/es\/wp-json\/wp\/v2\/pages"}],"about":[{"href":"https:\/\/pilardelcampo.com\/es\/wp-json\/wp\/v2\/types\/page"}],"author":[{"embeddable":true,"href":"https:\/\/pilardelcampo.com\/es\/wp-json\/wp\/v2\/users\/2"}],"replies":[{"embeddable":true,"href":"https:\/\/pilardelcampo.com\/es\/wp-json\/wp\/v2\/comments?post=3525"}],"version-history":[{"count":0,"href":"https:\/\/pilardelcampo.com\/es\/wp-json\/wp\/v2\/pages\/3525\/revisions"}],"wp:featuredmedia":[{"embeddable":true,"href":"https:\/\/pilardelcampo.com\/es\/wp-json\/wp\/v2\/media\/3546"}],"wp:attachment":[{"href":"https:\/\/pilardelcampo.com\/es\/wp-json\/wp\/v2\/media?parent=3525"}],"curies":[{"name":"wp","href":"https:\/\/api.w.org\/{rel}","templated":true}]}}