{"id":4549,"date":"2025-01-25T19:36:11","date_gmt":"2025-01-25T18:36:11","guid":{"rendered":"https:\/\/dev.pilardelcampo.com\/politica-de-privacidad\/"},"modified":"2025-02-19T16:27:25","modified_gmt":"2025-02-19T15:27:25","slug":"politica-de-privacidad","status":"publish","type":"page","link":"https:\/\/pilardelcampo.com\/es\/politica-de-privacidad\/","title":{"rendered":"Pol\u00edtica de privacidad"},"content":{"rendered":"<p><strong>POL\u00cdTICA DE PRIVACIDAD Y PROTECCI\u00d3N DE DATOS<\/strong><br>En base a lo dispuesto en el Reglamento General de Protecci\u00f3n de Datos 2016\/679 (RGPD) y en la Ley Org\u00e1nica 3\/2018, de Protecci\u00f3n de Datos Personales y garant\u00eda de derechos digitales (LOPDGDD), le informamos que para hacer uso algunos de los servicios que les ofrece esta web, puede ser necesario que deba de suministrar determinados datos de car\u00e1cter personal que ser\u00e1n incorporados a ficheros automatizados.<\/p><p>Cumpliendo con las nuevas disposiciones del Reglamento (UE) 2016\/679 del PE y del Consejo de 27 de Abril de 2016 y de la Ley Org\u00e1nica 3\/2018, de 5 de diciembre, de Protecci\u00f3n de Datos Personales y garant\u00eda de derechos digitales, relativas a la protecci\u00f3n de las personas f\u00edsicas en lo que respecta al tratamiento de datos personales y a la libre circulaci\u00f3n de estos datos y por el que se deroga la Directiva 95\/46\/CE.<\/p><p><strong>RESPONSABLE Y CONTACTO<\/strong><\/p><ul class=\"wp-block-list\"><li><strong>Nombre:<\/strong> PILAR DEL CAMPO<\/li>\n\n<li><strong>Domicilio Social:<\/strong> C\/ Riera Buscarons 40, 08360 Canet de Mar, Barcelona<\/li>\n\n<li><strong>CIF:<\/strong> 72894820T<\/li>\n\n<li><strong>Correo Electr\u00f3nico:<\/strong> <a href=\"mailto:info@pilardelcampo.com\">info@pilardelcampo.com<\/a><\/li><\/ul><p><strong>TRATAMIENTO DE LOS DATOS PERSONALES<\/strong><br>Aceptando la Pol\u00edtica de Privacidad, el usuario consiente el uso de sus datos para las siguientes finalidades:<\/p><ul class=\"wp-block-list\"><li>Env\u00edo de informaci\u00f3n solicitada a trav\u00e9s del formulario\/s de contacto dispuestos en el sitio web para la finalidad de solicitar cualquier tipo de consulta relacionada con los productos o servicios que presta el responsable del sitio web.<\/li>\n\n<li>Analizar y realizar estad\u00edsticas sobre la utilizaci\u00f3n del sitio web.<\/li>\n\n<li>Enviar boletines, novedades as\u00ed como comunicaciones comerciales de promociones y\/o publicidad del sitio web.<\/li><\/ul><p><strong>LEGITIMACI\u00d3N<\/strong><br>El tratamiento de sus datos se realiza con las siguientes bases jur\u00eddicas que legitiman el mismo, tales como el consentimiento libre, espec\u00edfico, informado e inequ\u00edvoco, en tanto que le informamos poniendo a su disposici\u00f3n la presente pol\u00edtica de privacidad.<br>El usuario garantiza que los datos aportados son verdaderos y actualizados, siendo responsable de cualquier da\u00f1o o perjuicio directo o indirecto. La informaci\u00f3n err\u00f3nea o incompleta de los datos impedir\u00e1 poder proporcionar la informaci\u00f3n solicitada o la contrataci\u00f3n de los servicios.<\/p><p><strong>CONSERVACI\u00d3N DE DATOS<\/strong><br>Mientras se mantenga la relaci\u00f3n contractual o durante los a\u00f1os necesarios para cumplir con las obligaciones legales, y no se solicite la supresi\u00f3n por el interesado, se mantendr\u00e1n los datos personales para la realizaci\u00f3n de los fines necesarios por los que fueron adquiridos.<\/p><p><strong>DESTINATARIOS<\/strong><br>Los datos ser\u00e1n mantenidos bajo estrictas medidas de seguridad, garantizando la confidencialidad de los mismos.<br>Dichos datos se ceder\u00e1n a terceros cuando haya una obligaci\u00f3n legal:<\/p><ul class=\"wp-block-list\"><li>Entidades y proveedores que prestan servicio a la web para la correcta realizaci\u00f3n del servicio, como agencias de transporte o entidades financieras con el fin de financiar la compra del productor si as\u00ed se solicita.<\/li>\n\n<li>Organismos y entidades oficiales en cumplimiento de las normativas y leyes vigentes.<\/li><\/ul><p><strong>EJERCICIO DE SUS DERECHOS<\/strong><br>La normativa en materia de protecci\u00f3n de datos reconoce, conforme a lo previsto en la misma:<\/p><ul class=\"wp-block-list\"><li><strong>Derecho de acceso a los datos personales:<\/strong> El afectado tendr\u00e1 derecho a ser informado sobre los fines del tratamiento, categor\u00edas de datos personales que se traten y posibles comunicaciones de datos y sus destinatarios, del plazo de conservaci\u00f3n de los datos, del derecho a solicitar la rectificaci\u00f3n o supresi\u00f3n de los datos, la limitaci\u00f3n al tratamiento, y a oponerse al mismo, del derecho a presentar una reclamaci\u00f3n ante la Agencia Espa\u00f1ola de Protecci\u00f3n de Datos, y de las garant\u00edas adecuadas para la realizaci\u00f3n de transferencias internacionales.<\/li>\n\n<li><strong>Derecho de rectificaci\u00f3n<\/strong> de datos inexactos.<\/li>\n\n<li><strong>Derecho de supresi\u00f3n<\/strong> cuando concurra alguno de los supuestos de la normativa.<\/li>\n\n<li><strong>Derecho a la limitaci\u00f3n del tratamiento:<\/strong> Por lo que se mantendr\u00e1n \u00fanica y exclusivamente para el ejercicio o la defensa de reclamaciones.<\/li>\n\n<li><strong>Derecho de oposici\u00f3n:<\/strong> Cesar\u00e1 el tratamiento de los datos salvo por motivos leg\u00edtimos, el ejercicio de defensa o posibles reclamaciones.<\/li><\/ul><p>En la p\u00e1gina web de la Agencia Espa\u00f1ola de Protecci\u00f3n de Datos puede obtener m\u00e1s informaci\u00f3n sobre los derechos:<br><a href=\"https:\/\/www.aepd.es\/derechos-y-deberes\/ejerce-tus-derechos\">https:\/\/www.aepd.es\/derechos-y-deberes\/ejerce-tus-derechos<\/a><\/p><p><strong>MODIFICACI\u00d3N DE LA POL\u00cdTICA DE PRIVACIDAD<\/strong><br>El responsable del sitio web se reserva el derecho a modificar, total o parcialmente, la presente Pol\u00edtica de Privacidad, publicando los cambios en el sitio web. Asimismo, podr\u00e1 efectuar sin previo aviso las modificaciones que considere oportunas, pudiendo cambiar, suprimir o a\u00f1adir tanto los contenidos y servicios que presta, como la forma en la que \u00e9stos aparezcan presentados o localizados. En consecuencia, se entender\u00e1n como vigentes las condiciones generales\/pol\u00edticas que est\u00e9n publicadas en el momento en el que el Usuario acceda, debiendo leerlas peri\u00f3dicamente.<\/p><p>Con independencia de lo dispuesto, el responsable de la web podr\u00e1 dar por terminado, suspender o interrumpir, en cualquier momento y sin necesidad de preaviso, el acceso a los contenidos del sitio web, sin posibilidad por parte del Usuario de exigir indemnizaci\u00f3n alguna.<\/p><p><strong>COOKIES UTILIZADAS EN NUESTRO SITIO WEB<\/strong><\/p><p>Utilizamos cookies para mejorar su experiencia de navegaci\u00f3n, analizar el tr\u00e1fico del sitio y ofrecer contenido personalizado. A continuaci\u00f3n, se detalla el tipo de cookies que empleamos, sus prop\u00f3sitos y la duraci\u00f3n de su almacenamiento. Revise la informaci\u00f3n a continuaci\u00f3n para gestionar sus preferencias de cookies en cumplimiento con la normativa GDPR. <\/p><figure class=\"wp-block-table\"><table class=\"has-fixed-layout\"><thead><tr><th>Nombre de Cookie<\/th><th>Proveedor<\/th><th>Categor\u00eda<\/th><th>Finalidad<\/th><th>Tiempo de Expiraci\u00f3n<\/th><\/tr><\/thead><tbody><tr><td>PHPSESSID<\/td><td>Tu sitio (PHP)<\/td><td>Necesaria<\/td><td>Mantiene el estado de la sesi\u00f3n del usuario durante la navegaci\u00f3n.<\/td><td>Sesi\u00f3n<\/td><\/tr><tr><td><br>__stripe_mid<br>__stripe_sid<br>        <\/td><td>Stripe (Tercero)<\/td><td>Funcional\/Pago<\/td><td>Utilizadas por Stripe para el procesamiento de pagos, detecci\u00f3n de fraudes y para recordar las preferencias de pago del usuario.<\/td><td>Normalmente 1 a\u00f1o \/ 30 minutos<\/td><\/tr><tr><td>wp_lang<\/td><td>Tu sitio (WordPress)<\/td><td>Funcional<\/td><td>Recuerda el idioma preferido del usuario.<\/td><td>Sesi\u00f3n<\/td><\/tr><tr><td>pressidium_cookie_consent<\/td><td>Tu sitio (Pressidium)<\/td><td>Necesaria<\/td><td>Almacena las preferencias de consentimiento de cookies del usuario (qu\u00e9 categor\u00edas se aceptan o rechazan).<\/td><td>1 a\u00f1o (o configurable)<\/td><\/tr><tr><td>wp-wpml_current_admin_language_d41d8cd98f00b204e9800998ecf8427e<br>wp-wpml_current_language<br>        <\/td><td>Tu sitio (WPML)<\/td><td>Funcional<\/td><td>Almacena la selecci\u00f3n de idioma actual para sitios multiling\u00fces (tanto en el frontend como en el \u00e1rea de administraci\u00f3n).<\/td><td>Sesi\u00f3n o corto plazo<\/td><\/tr><\/tbody><\/table><\/figure>","protected":false},"excerpt":{"rendered":"<p>POL\u00cdTICA DE PRIVACIDAD Y PROTECCI\u00d3N DE DATOSEn base a lo dispuesto en el Reglamento General de Protecci\u00f3n de Datos 2016\/679 (RGPD) y en la Ley Org\u00e1nica 3\/2018, de Protecci\u00f3n de&hellip;<\/p>\n","protected":false},"author":1,"featured_media":0,"parent":0,"menu_order":0,"comment_status":"closed","ping_status":"open","template":"","meta":{"_acf_changed":false,"footnotes":""},"class_list":["post-4549","page","type-page","status-publish","hentry"],"acf":[],"yoast_head":"<!-- This site is optimized with the Yoast SEO plugin v25.0 - https:\/\/yoast.com\/wordpress\/plugins\/seo\/ -->\n<title>Pol\u00edtica de privacidad - Pilar del Campo<\/title>\n<meta name=\"robots\" content=\"index, follow, max-snippet:-1, max-image-preview:large, max-video-preview:-1\" \/>\n<link rel=\"canonical\" href=\"https:\/\/pilardelcampo.com\/es\/politica-de-privacidad\/\" \/>\n<meta property=\"og:locale\" content=\"es_ES\" \/>\n<meta property=\"og:type\" content=\"article\" \/>\n<meta property=\"og:title\" content=\"Pol\u00edtica de privacidad - Pilar del Campo\" \/>\n<meta property=\"og:description\" content=\"POL\u00cdTICA DE PRIVACIDAD Y PROTECCI\u00d3N DE DATOSEn base a lo dispuesto en el Reglamento General de Protecci\u00f3n de Datos 2016\/679 (RGPD) y en la Ley Org\u00e1nica 3\/2018, de Protecci\u00f3n de&hellip;\" \/>\n<meta property=\"og:url\" content=\"https:\/\/pilardelcampo.com\/es\/politica-de-privacidad\/\" \/>\n<meta property=\"og:site_name\" content=\"Pilar del Campo\" \/>\n<meta property=\"article:modified_time\" content=\"2025-02-19T15:27:25+00:00\" \/>\n<meta name=\"twitter:card\" content=\"summary_large_image\" \/>\n<meta name=\"twitter:label1\" content=\"Tiempo de lectura\" \/>\n\t<meta name=\"twitter:data1\" content=\"5 minutos\" \/>\n<script type=\"application\/ld+json\" class=\"yoast-schema-graph\">{\"@context\":\"https:\/\/schema.org\",\"@graph\":[{\"@type\":\"WebPage\",\"@id\":\"https:\/\/pilardelcampo.com\/es\/politica-de-privacidad\/\",\"url\":\"https:\/\/pilardelcampo.com\/es\/politica-de-privacidad\/\",\"name\":\"Pol\u00edtica de privacidad - Pilar del Campo\",\"isPartOf\":{\"@id\":\"https:\/\/pilardelcampo.com\/es\/#website\"},\"datePublished\":\"2025-01-25T18:36:11+00:00\",\"dateModified\":\"2025-02-19T15:27:25+00:00\",\"breadcrumb\":{\"@id\":\"https:\/\/pilardelcampo.com\/es\/politica-de-privacidad\/#breadcrumb\"},\"inLanguage\":\"es\",\"potentialAction\":[{\"@type\":\"ReadAction\",\"target\":[\"https:\/\/pilardelcampo.com\/es\/politica-de-privacidad\/\"]}]},{\"@type\":\"BreadcrumbList\",\"@id\":\"https:\/\/pilardelcampo.com\/es\/politica-de-privacidad\/#breadcrumb\",\"itemListElement\":[{\"@type\":\"ListItem\",\"position\":1,\"name\":\"Home\",\"item\":\"https:\/\/pilardelcampo.com\/es\/\"},{\"@type\":\"ListItem\",\"position\":2,\"name\":\"Pol\u00edtica de privacidad\"}]},{\"@type\":\"WebSite\",\"@id\":\"https:\/\/pilardelcampo.com\/es\/#website\",\"url\":\"https:\/\/pilardelcampo.com\/es\/\",\"name\":\"Pilar del Campo\",\"description\":\"Timeless Elegance, Ethically Crafted\",\"potentialAction\":[{\"@type\":\"SearchAction\",\"target\":{\"@type\":\"EntryPoint\",\"urlTemplate\":\"https:\/\/pilardelcampo.com\/es\/?s={search_term_string}\"},\"query-input\":{\"@type\":\"PropertyValueSpecification\",\"valueRequired\":true,\"valueName\":\"search_term_string\"}}],\"inLanguage\":\"es\"}]}<\/script>\n<!-- \/ Yoast SEO plugin. -->","yoast_head_json":{"title":"Pol\u00edtica de privacidad - Pilar del Campo","robots":{"index":"index","follow":"follow","max-snippet":"max-snippet:-1","max-image-preview":"max-image-preview:large","max-video-preview":"max-video-preview:-1"},"canonical":"https:\/\/pilardelcampo.com\/es\/politica-de-privacidad\/","og_locale":"es_ES","og_type":"article","og_title":"Pol\u00edtica de privacidad - Pilar del Campo","og_description":"POL\u00cdTICA DE PRIVACIDAD Y PROTECCI\u00d3N DE DATOSEn base a lo dispuesto en el Reglamento General de Protecci\u00f3n de Datos 2016\/679 (RGPD) y en la Ley Org\u00e1nica 3\/2018, de Protecci\u00f3n de&hellip;","og_url":"https:\/\/pilardelcampo.com\/es\/politica-de-privacidad\/","og_site_name":"Pilar del Campo","article_modified_time":"2025-02-19T15:27:25+00:00","twitter_card":"summary_large_image","twitter_misc":{"Tiempo de lectura":"5 minutos"},"schema":{"@context":"https:\/\/schema.org","@graph":[{"@type":"WebPage","@id":"https:\/\/pilardelcampo.com\/es\/politica-de-privacidad\/","url":"https:\/\/pilardelcampo.com\/es\/politica-de-privacidad\/","name":"Pol\u00edtica de privacidad - Pilar del Campo","isPartOf":{"@id":"https:\/\/pilardelcampo.com\/es\/#website"},"datePublished":"2025-01-25T18:36:11+00:00","dateModified":"2025-02-19T15:27:25+00:00","breadcrumb":{"@id":"https:\/\/pilardelcampo.com\/es\/politica-de-privacidad\/#breadcrumb"},"inLanguage":"es","potentialAction":[{"@type":"ReadAction","target":["https:\/\/pilardelcampo.com\/es\/politica-de-privacidad\/"]}]},{"@type":"BreadcrumbList","@id":"https:\/\/pilardelcampo.com\/es\/politica-de-privacidad\/#breadcrumb","itemListElement":[{"@type":"ListItem","position":1,"name":"Home","item":"https:\/\/pilardelcampo.com\/es\/"},{"@type":"ListItem","position":2,"name":"Pol\u00edtica de privacidad"}]},{"@type":"WebSite","@id":"https:\/\/pilardelcampo.com\/es\/#website","url":"https:\/\/pilardelcampo.com\/es\/","name":"Pilar del Campo","description":"Timeless Elegance, Ethically Crafted","potentialAction":[{"@type":"SearchAction","target":{"@type":"EntryPoint","urlTemplate":"https:\/\/pilardelcampo.com\/es\/?s={search_term_string}"},"query-input":{"@type":"PropertyValueSpecification","valueRequired":true,"valueName":"search_term_string"}}],"inLanguage":"es"}]}},"_links":{"self":[{"href":"https:\/\/pilardelcampo.com\/es\/wp-json\/wp\/v2\/pages\/4549","targetHints":{"allow":["GET"]}}],"collection":[{"href":"https:\/\/pilardelcampo.com\/es\/wp-json\/wp\/v2\/pages"}],"about":[{"href":"https:\/\/pilardelcampo.com\/es\/wp-json\/wp\/v2\/types\/page"}],"author":[{"embeddable":true,"href":"https:\/\/pilardelcampo.com\/es\/wp-json\/wp\/v2\/users\/1"}],"replies":[{"embeddable":true,"href":"https:\/\/pilardelcampo.com\/es\/wp-json\/wp\/v2\/comments?post=4549"}],"version-history":[{"count":3,"href":"https:\/\/pilardelcampo.com\/es\/wp-json\/wp\/v2\/pages\/4549\/revisions"}],"predecessor-version":[{"id":4850,"href":"https:\/\/pilardelcampo.com\/es\/wp-json\/wp\/v2\/pages\/4549\/revisions\/4850"}],"wp:attachment":[{"href":"https:\/\/pilardelcampo.com\/es\/wp-json\/wp\/v2\/media?parent=4549"}],"curies":[{"name":"wp","href":"https:\/\/api.w.org\/{rel}","templated":true}]}}