{"id":4550,"date":"2025-02-03T13:33:07","date_gmt":"2025-02-03T12:33:07","guid":{"rendered":"https:\/\/dev.pilardelcampo.com\/terminos-y-condiciones\/"},"modified":"2025-02-19T16:07:06","modified_gmt":"2025-02-19T15:07:06","slug":"terminos-y-condiciones","status":"publish","type":"page","link":"https:\/\/pilardelcampo.com\/es\/terminos-y-condiciones\/","title":{"rendered":"T\u00e9rminos y condiciones"},"content":{"rendered":"<p><strong>T\u00c9RMINOS LEGALES Y CONDICIONES<\/strong><\/p><p><strong>DATOS IDENTIFICATIVOS<\/strong><br>Ponemos a su disposici\u00f3n la siguiente informaci\u00f3n identificativa en relaci\u00f3n con el sitio web <a href=\"http:\/\/www.pilardelcampo.com\/\">www.pilardelcampo.com<\/a><\/p><ul class=\"wp-block-list\"><li><strong>Nombre:<\/strong> PILAR DEL CAMPO<\/li>\n\n<li><strong>Domicilio Social:<\/strong> C\/ Riera Buscarons 40, 08360 Canet de Mar, Barcelona<\/li>\n\n<li><strong>CIF:<\/strong> 72894820T<\/li>\n\n<li><strong>Correo Electr\u00f3nico:<\/strong> <a href=\"mailto:info@pilardelcampo.com\">info@pilardelcampo.com<\/a><\/li><\/ul><p><strong>PROPIEDAD Y CONTENIDO DE LA WEB<\/strong><br>Todos los derechos de propiedad intelectual del contenido de esta p\u00e1gina web, su dise\u00f1o gr\u00e1fico y sus c\u00f3digos fuente, son titularidad exclusiva de PILAR DEL CAMPO.<br>Queda expresamente prohibida cualquier forma de explotaci\u00f3n de este sitio web sin la previa autorizaci\u00f3n expresa de PILAR DEL CAMPO.<br>El mal uso que pueda realizarse de los contenidos de la p\u00e1gina PILAR DEL CAMPO ser\u00e1 exclusiva responsabilidad de la persona que los utiliza.<br>No se asume ning\u00fan tipo de responsabilidad por el contenido de p\u00e1ginas web de terceros a las que se pueda acceder por enlaces desde la p\u00e1gina web de PILAR DEL CAMPO.<br>No se asumir\u00e1 ning\u00fan tipo de responsabilidad por la actualizaci\u00f3n, modificaci\u00f3n o eliminaci\u00f3n del contenido de la p\u00e1gina web, as\u00ed como da\u00f1os causados mediante intromisiones ileg\u00edtimas.<\/p><p><strong>DISPONIBILIDAD DE PRODUCTOS<\/strong><br>El cliente tendr\u00e1 derecho a rescindir su compra y el importe del pedido ser\u00e1 devuelto por errores tipogr\u00e1ficos ajenos a la voluntad de PILAR DEL CAMPO en alguno de los precios o promociones.<br>Los precios a pagar por los art\u00edculos que el Cliente solicite son aquellos mostrados en este sitio web en el momento en que el Cliente realice su pedido, y detallados en la confirmaci\u00f3n del mismo, incluyendo IVA o cualquier otro impuesto de aplicaci\u00f3n.<br>El cargo correspondiente a los gastos de env\u00edo se facturar\u00e1 con base en las tarifas indicadas en este sitio web en el momento en que el Cliente realice su pedido.<br>Todos los gastos del despacho de aduanas y los impuestos de importaci\u00f3n no est\u00e1n incluidos en el precio del art\u00edculo ni en el del env\u00edo, y deber\u00e1n ser pagados en destino por el receptor de la mercanc\u00eda.<\/p><p><strong>ENTREGA DEL PRODUCTO<\/strong><br>Los pedidos confirmados por PILAR DEL CAMPO ser\u00e1n entregados a la direcci\u00f3n de entrega que el Cliente especific\u00f3 al realizar su pedido y en el periodo de tiempo que le ser\u00e1 confirmado con su pedido.<br>En caso de que el pedido no pueda ser entregado en la direcci\u00f3n que el cliente indic\u00f3 en la compra, se enviar\u00e1 a los almacenes de NACEX.<br>El usuario es el responsable de verificar la cantidad, la condici\u00f3n y el estado de la mercanc\u00eda en el momento en que esta le sea entregada.<br>Si el producto estuviera da\u00f1ado o incompleto el cliente debe ponerse en contacto y notificarlo a PILAR DEL CAMPO en un plazo m\u00e1ximo de 24 horas desde su entrega.<br>En caso de que el defecto sea imputable a la marca, se reemplazar\u00e1 sin coste adicional.<\/p><p><strong>DEVOLUCIONES<\/strong><br>Las prendas de PILAR DEL CAMPO son exclusivas, personalizadas y se realizan a medida bajo pedido. Todo ello implica que no se puedan realizar devoluciones, salvo que el producto este da\u00f1ado o no sea lo acordado a la hora de realizar el pedido.<br>En ning\u00fan caso se abonar\u00e1 el importe del producto, pudiendo \u00fanica y exclusivamente sustituirlo por el acordado en el pedido.<\/p><p><strong>DERECHO A DESISTIMIENTO<\/strong><br>El cliente tiene derecho a desistimiento de su compra en un plazo de 3 d\u00edas desde la realizaci\u00f3n del pedido.<\/p><p><strong>FORMAS DE PAGO<\/strong><br>Estas son las formas de pago disponibles en <a href=\"http:\/\/www.pilardelcampo.com\/\">www.pilardelcampo.com<\/a> que el sistema mostrar\u00e1 autom\u00e1ticamente.<\/p><ul class=\"wp-block-list\"><li>Stripe<\/li>\n\n<li>Paypal<\/li><\/ul><p><strong>GARANT\u00cdA<\/strong><br>PILAR DEL CAMPO garantiza la calidad de los productos contratados a trav\u00e9s de su p\u00e1gina web. Quedan garantizados todos los derechos que las Leyes en vigor otorguen a los consumidores y usuarios.<br>PILAR DEL CAMPO ofrece una garant\u00eda legal de 2 a\u00f1os frente a defectos de fabricaci\u00f3n.<br>La garant\u00eda no incluye desperfectos debidos a un incorrecto uso o el desgaste de la prenda producido por su uso.<\/p>","protected":false},"excerpt":{"rendered":"<p>T\u00c9RMINOS LEGALES Y CONDICIONES DATOS IDENTIFICATIVOSPonemos a su disposici\u00f3n la siguiente informaci\u00f3n identificativa en relaci\u00f3n con el sitio web www.pilardelcampo.com PROPIEDAD Y CONTENIDO DE LA WEBTodos los derechos de propiedad&hellip;<\/p>\n","protected":false},"author":1,"featured_media":0,"parent":0,"menu_order":0,"comment_status":"closed","ping_status":"closed","template":"","meta":{"_acf_changed":false,"footnotes":""},"class_list":["post-4550","page","type-page","status-publish","hentry"],"acf":[],"yoast_head":"<!-- This site is optimized with the Yoast SEO plugin v25.0 - https:\/\/yoast.com\/wordpress\/plugins\/seo\/ -->\n<title>T\u00e9rminos y condiciones - Pilar del Campo<\/title>\n<meta name=\"robots\" content=\"index, follow, max-snippet:-1, max-image-preview:large, max-video-preview:-1\" \/>\n<link rel=\"canonical\" href=\"https:\/\/pilardelcampo.com\/es\/terminos-y-condiciones\/\" \/>\n<meta property=\"og:locale\" content=\"es_ES\" \/>\n<meta property=\"og:type\" content=\"article\" \/>\n<meta property=\"og:title\" content=\"T\u00e9rminos y condiciones - Pilar del Campo\" \/>\n<meta property=\"og:description\" content=\"T\u00c9RMINOS LEGALES Y CONDICIONES DATOS IDENTIFICATIVOSPonemos a su disposici\u00f3n la siguiente informaci\u00f3n identificativa en relaci\u00f3n con el sitio web www.pilardelcampo.com PROPIEDAD Y CONTENIDO DE LA WEBTodos los derechos de propiedad&hellip;\" \/>\n<meta property=\"og:url\" content=\"https:\/\/pilardelcampo.com\/es\/terminos-y-condiciones\/\" \/>\n<meta property=\"og:site_name\" content=\"Pilar del Campo\" \/>\n<meta property=\"article:modified_time\" content=\"2025-02-19T15:07:06+00:00\" \/>\n<meta name=\"twitter:card\" content=\"summary_large_image\" \/>\n<meta name=\"twitter:label1\" content=\"Tiempo de lectura\" \/>\n\t<meta name=\"twitter:data1\" content=\"3 minutos\" \/>\n<script type=\"application\/ld+json\" class=\"yoast-schema-graph\">{\"@context\":\"https:\/\/schema.org\",\"@graph\":[{\"@type\":\"WebPage\",\"@id\":\"https:\/\/pilardelcampo.com\/es\/terminos-y-condiciones\/\",\"url\":\"https:\/\/pilardelcampo.com\/es\/terminos-y-condiciones\/\",\"name\":\"T\u00e9rminos y condiciones - Pilar del Campo\",\"isPartOf\":{\"@id\":\"https:\/\/pilardelcampo.com\/es\/#website\"},\"datePublished\":\"2025-02-03T12:33:07+00:00\",\"dateModified\":\"2025-02-19T15:07:06+00:00\",\"breadcrumb\":{\"@id\":\"https:\/\/pilardelcampo.com\/es\/terminos-y-condiciones\/#breadcrumb\"},\"inLanguage\":\"es\",\"potentialAction\":[{\"@type\":\"ReadAction\",\"target\":[\"https:\/\/pilardelcampo.com\/es\/terminos-y-condiciones\/\"]}]},{\"@type\":\"BreadcrumbList\",\"@id\":\"https:\/\/pilardelcampo.com\/es\/terminos-y-condiciones\/#breadcrumb\",\"itemListElement\":[{\"@type\":\"ListItem\",\"position\":1,\"name\":\"Home\",\"item\":\"https:\/\/pilardelcampo.com\/es\/\"},{\"@type\":\"ListItem\",\"position\":2,\"name\":\"T\u00e9rminos y condiciones\"}]},{\"@type\":\"WebSite\",\"@id\":\"https:\/\/pilardelcampo.com\/es\/#website\",\"url\":\"https:\/\/pilardelcampo.com\/es\/\",\"name\":\"Pilar del Campo\",\"description\":\"Timeless Elegance, Ethically Crafted\",\"potentialAction\":[{\"@type\":\"SearchAction\",\"target\":{\"@type\":\"EntryPoint\",\"urlTemplate\":\"https:\/\/pilardelcampo.com\/es\/?s={search_term_string}\"},\"query-input\":{\"@type\":\"PropertyValueSpecification\",\"valueRequired\":true,\"valueName\":\"search_term_string\"}}],\"inLanguage\":\"es\"}]}<\/script>\n<!-- \/ Yoast SEO plugin. -->","yoast_head_json":{"title":"T\u00e9rminos y condiciones - Pilar del Campo","robots":{"index":"index","follow":"follow","max-snippet":"max-snippet:-1","max-image-preview":"max-image-preview:large","max-video-preview":"max-video-preview:-1"},"canonical":"https:\/\/pilardelcampo.com\/es\/terminos-y-condiciones\/","og_locale":"es_ES","og_type":"article","og_title":"T\u00e9rminos y condiciones - Pilar del Campo","og_description":"T\u00c9RMINOS LEGALES Y CONDICIONES DATOS IDENTIFICATIVOSPonemos a su disposici\u00f3n la siguiente informaci\u00f3n identificativa en relaci\u00f3n con el sitio web www.pilardelcampo.com PROPIEDAD Y CONTENIDO DE LA WEBTodos los derechos de propiedad&hellip;","og_url":"https:\/\/pilardelcampo.com\/es\/terminos-y-condiciones\/","og_site_name":"Pilar del Campo","article_modified_time":"2025-02-19T15:07:06+00:00","twitter_card":"summary_large_image","twitter_misc":{"Tiempo de lectura":"3 minutos"},"schema":{"@context":"https:\/\/schema.org","@graph":[{"@type":"WebPage","@id":"https:\/\/pilardelcampo.com\/es\/terminos-y-condiciones\/","url":"https:\/\/pilardelcampo.com\/es\/terminos-y-condiciones\/","name":"T\u00e9rminos y condiciones - Pilar del Campo","isPartOf":{"@id":"https:\/\/pilardelcampo.com\/es\/#website"},"datePublished":"2025-02-03T12:33:07+00:00","dateModified":"2025-02-19T15:07:06+00:00","breadcrumb":{"@id":"https:\/\/pilardelcampo.com\/es\/terminos-y-condiciones\/#breadcrumb"},"inLanguage":"es","potentialAction":[{"@type":"ReadAction","target":["https:\/\/pilardelcampo.com\/es\/terminos-y-condiciones\/"]}]},{"@type":"BreadcrumbList","@id":"https:\/\/pilardelcampo.com\/es\/terminos-y-condiciones\/#breadcrumb","itemListElement":[{"@type":"ListItem","position":1,"name":"Home","item":"https:\/\/pilardelcampo.com\/es\/"},{"@type":"ListItem","position":2,"name":"T\u00e9rminos y condiciones"}]},{"@type":"WebSite","@id":"https:\/\/pilardelcampo.com\/es\/#website","url":"https:\/\/pilardelcampo.com\/es\/","name":"Pilar del Campo","description":"Timeless Elegance, Ethically Crafted","potentialAction":[{"@type":"SearchAction","target":{"@type":"EntryPoint","urlTemplate":"https:\/\/pilardelcampo.com\/es\/?s={search_term_string}"},"query-input":{"@type":"PropertyValueSpecification","valueRequired":true,"valueName":"search_term_string"}}],"inLanguage":"es"}]}},"_links":{"self":[{"href":"https:\/\/pilardelcampo.com\/es\/wp-json\/wp\/v2\/pages\/4550","targetHints":{"allow":["GET"]}}],"collection":[{"href":"https:\/\/pilardelcampo.com\/es\/wp-json\/wp\/v2\/pages"}],"about":[{"href":"https:\/\/pilardelcampo.com\/es\/wp-json\/wp\/v2\/types\/page"}],"author":[{"embeddable":true,"href":"https:\/\/pilardelcampo.com\/es\/wp-json\/wp\/v2\/users\/1"}],"replies":[{"embeddable":true,"href":"https:\/\/pilardelcampo.com\/es\/wp-json\/wp\/v2\/comments?post=4550"}],"version-history":[{"count":1,"href":"https:\/\/pilardelcampo.com\/es\/wp-json\/wp\/v2\/pages\/4550\/revisions"}],"predecessor-version":[{"id":4839,"href":"https:\/\/pilardelcampo.com\/es\/wp-json\/wp\/v2\/pages\/4550\/revisions\/4839"}],"wp:attachment":[{"href":"https:\/\/pilardelcampo.com\/es\/wp-json\/wp\/v2\/media?parent=4550"}],"curies":[{"name":"wp","href":"https:\/\/api.w.org\/{rel}","templated":true}]}}